{"id":4206,"date":"2019-06-21T08:23:17","date_gmt":"2019-06-21T08:23:17","guid":{"rendered":"https:\/\/artisticamorinelli.it\/cookie-policy\/"},"modified":"2019-06-21T08:23:17","modified_gmt":"2019-06-21T08:23:17","slug":"cookie-policy","status":"publish","type":"page","link":"https:\/\/artisticamorinelli.it\/en\/cookie-policy\/","title":{"rendered":"Cookie Policy"},"content":{"rendered":"\n<h1>COOKIE POLICY<\/h1>\n\n\n\n<p>I Cookie sono costituiti da porzioni di codice installate all\u2019interno del browser che assistono il Titolare nell\u2019erogazione del Servizio in base alle finalit\u00e0 descritte. Alcune delle finalit\u00e0 di installazione dei Cookie potrebbero, inoltre, necessitare del consenso dell\u2019Utente.<br>Quando l\u2019installazione di Cookies avviene sulla base del consenso, tale consenso pu\u00f2 essere revocato liberamente in ogni momento seguendo le istruzioni contenute in questo documento.<\/p>\n\n\n\n<h2><strong>Titolare del Trattamento dei Dati<\/strong><\/h2>\n\n\n\n<p>Carpenterie Metalliche Morinelli Via Portararo, 14 \u2013 84040 Casal Velino (SA)<br><strong>Indirizzo email del Titolare<\/strong>:&nbsp;<strong>&nbsp;<\/strong><a rel=\"noreferrer noopener\" href=\"mailto:info@artisticamorinelli.it\" target=\"_blank\">info@artisticamorinelli.it<\/a><\/p>\n\n\n\n<p>Dal momento che l\u2019installazione di Cookie e di altri sistemi di tracciamento operata da terze parti tramite i servizi utilizzati all\u2019interno di questa Applicazione non pu\u00f2 essere tecnicamente controllata dal Titolare, ogni riferimento specifico a Cookie e sistemi di tracciamento installati da terze parti \u00e8 da considerarsi indicativo. Per ottenere informazioni complete, l\u2019Utente \u00e8 invitato a consultare la privacy policy degli eventuali servizi terzi elencati in questo documento.<\/p>\n\n\n\n<h2><strong>Cookies di prolificazione<\/strong><\/h2>\n\n\n\n<p>Questo sito non gestisce e non utilizza \u201ccookie di profilazione\u201d di prima parte.<\/p>\n\n\n\n<h2><strong>Attivit\u00e0 strettamente necessarie al funzionamento<\/strong><\/h2>\n\n\n\n<p>Cookie tecnici di navigazione o di sessione sono utilizzati per garantire la normale fruizione del sito internet, per poter acquistare e autenticarsi per accedere alle aree riservate del sito oltre che per monitorarne il corretto funzionamento.<br>Cookie di funzionalit\u00e0 migliorano il servizio dell\u2019utente in quanto consentono la navigazione in funzione di una serie di criteri selezionati (ad esempio, la lingua).<\/p>\n\n\n\n<h2><strong>Visualizzazione di contenuti da piattaforme esterne<\/strong><\/h2>\n\n\n\n<p>Questo tipo di servizi permette di visualizzare contenuti ospitati su piattaforme esterne direttamente dalle pagine di questa Applicazione e di interagire con essi.<br>Nel caso in cui sia installato un servizio di questo tipo, \u00e8 possibile che, anche nel caso gli Utenti non utilizzino il servizio, lo stesso raccolga dati di traffico relativi alle pagine in cui \u00e8 installato.<\/p>\n\n\n\n<h3><strong>Widget Video YouTube (Google Inc.)<\/strong><\/h3>\n\n\n\n<p>YouTube \u00e8 un servizio di visualizzazione di contenuti video gestito da Google Inc. che permette a questa Applicazione di integrare tali contenuti all\u2019interno delle proprie pagine.<br>Dati Personali raccolti: Cookie e Dati di utilizzo.<br>Luogo del trattamento: USA \u2013&nbsp;<a href=\"http:\/\/www.google.it\/intl\/it\/policies\/privacy\/\">Privacy Policy<\/a>.<\/p>\n\n\n\n<h2><strong>Statistica<\/strong><\/h2>\n\n\n\n<p>I servizi contenuti nella presente sezione permettono al Titolare del Trattamento di monitorare e analizzare i dati di traffico e servono a tener traccia del comportamento dell\u2019Utente.<\/p>\n\n\n\n<h3><strong>Google Analytics (Google)<\/strong><\/h3>\n\n\n\n<p>Google Analytics \u00e8 un servizio di analisi web fornito da Google Inc. (\u201cGoogle\u201d). Google utilizza i Dati Personali raccolti allo scopo di tracciare ed esaminare l\u2019utilizzo di questo sito, compilare report e condividerli con gli altri servizi sviluppati da Google. Google potrebbe utilizzare i Dati Personali per contestualizzare e personalizzare gli annunci del proprio network pubblicitario.<br>Dati personali raccolti: Cookie e Dati di utilizzo.<br>Luogo del trattamento: USA \u2013&nbsp;<a href=\"https:\/\/www.google.com\/intl\/policies\/privacy\/\">Privacy Policy<\/a>&nbsp;\u2013&nbsp;<a href=\"https:\/\/tools.google.com\/dlpage\/gaoptout\">Opt Out<\/a>.<\/p>\n\n\n\n<h3><strong>Monitoraggio conversioni di Google AdWords (Google)<\/strong><\/h3>\n\n\n\n<p>Il monitoraggio conversioni di Google AdWords \u00e8 un servizio di statistiche fornito da Google, Inc. che collega i dati provenienti dal network di annunci Google AdWords con le azioni compiute all\u2019interno di questo sito.<br>Dati personali raccolti: Cookie e Dati di utilizzo.<br>Luogo del trattamento: USA \u2013&nbsp;&nbsp;<a href=\"https:\/\/www.google.com\/intl\/it\/policies\/privacy\/\">Privacy Policy<\/a>.<\/p>\n\n\n\n<h2><strong>Visualizzazione di contenuti da piattaforme esterne<\/strong><\/h2>\n\n\n\n<p>Questi servizi permettono di visualizzare contenuti ospitati su piattaforme esterne direttamente dalle pagine di questo sito e di interagire con essi. Nel caso in cui sia installato un servizio di questo tipo, \u00e8 possibile che, anche nel caso gli Utenti non utilizzino il servizio, lo stesso raccolga dati di traffico relativi alle pagine in cui \u00e8 installato.<\/p>\n\n\n\n<h3><strong>Google Fonts (Google)<\/strong><\/h3>\n\n\n\n<p>Google Fonts \u00e8 un servizio di visualizzazione di stili di carattere gestito da Google Inc. che permette a questo sito di integrare tali contenuti all\u2019interno delle proprie pagine.<br>Dati personali raccolti: Cookie e Dati di utilizzo.<br>Luogo del trattamento: USA \u2013&nbsp;<a href=\"https:\/\/www.google.com\/intl\/en\/policies\/privacy\/\">Privacy Policy<\/a><\/p>\n\n\n\n<h3><strong>Widget Google Maps (Google)<\/strong><\/h3>\n\n\n\n<p>Google Maps \u00e8 un servizio di visualizzazione di mappe gestito da Google Inc. che permette a questo sito di integrare tali contenuti all\u2019interno delle proprie pagine.<br>Dati personali raccolti: Cookie e Dati di utilizzo.<br>Luogo del trattamento: USA \u2013&nbsp;<a href=\"https:\/\/www.google.com\/intl\/en\/policies\/privacy\/\">Privacy Policy<\/a><\/p>\n\n\n\n<h2><strong>Accettazione e rinuncia dei cookie<\/strong><\/h2>\n\n\n\n<p>Proseguendo nella navigazione su questo sito chiudendo la fascetta informativa o facendo click in una qualsiasi parte della pagina o scorrendola per evidenziare ulteriore contenuto, si accetta la Cookie Policy e verranno impostati e raccolti i cookie. In caso di mancata accettazione dei cookie mediante abbandono della navigazione, eventuali cookie gi\u00e0 registrati localmente nel Suo browser rimarranno ivi registrati ma non saranno pi\u00f9 letti n\u00e9 utilizzati da questo sito fino ad una successiva ed eventuale accettazione della Policy. Lei avr\u00e0 sempre la possibilit\u00e0 di rimuovere tali cookie in qualsiasi momento attraverso le modalit\u00e0 citate nei paragrafi successivi oppure con il seguente tasto di modifica.<\/p>\n\n\n\n<p>Modifica il tuo consenso:&nbsp;<a href=\"http:\/\/www.gravinaresort.it\/cookie-policy\/\">MODIFICA COOKIE<\/a><\/p>\n\n\n\n<h2><strong>Come posso esprimere il consenso all\u2019installazione di Cookie?<\/strong><\/h2>\n\n\n\n<p>Con riferimento a Cookie installati da terze parti, l\u2019Utente pu\u00f2 inoltre gestire le proprie impostazioni e revocare il consenso visitando il relativo link di opt out (qualora disponibile), utilizzando gli strumenti descritti nella privacy policy della terza parte o contattando direttamente la stessa.<br>Fermo restando quanto precede, l\u2019Utente pu\u00f2 avvalersi delle informazioni fornite da&nbsp;<a href=\"http:\/\/www.youronlinechoices.eu\/\">EDAA<\/a>&nbsp;(UE),&nbsp;<a href=\"https:\/\/www.networkadvertising.org\/understanding-digital-advertising\">Network Advertising Initiative<\/a>&nbsp;(USA) e&nbsp;<a href=\"https:\/\/www.aboutads.info\/consumers\/\">Digital Advertising Alliance<\/a>&nbsp;(USA),&nbsp;<a href=\"https:\/\/youradchoices.ca\/understanding-online-advertising\/\">DAAC<\/a>&nbsp;(Canada),&nbsp;<a href=\"http:\/\/www.ddai.info\/optout\">DDAI<\/a>&nbsp;(Giappone) o altri servizi analoghi. Con questi servizi \u00e8 possibile gestire le preferenze di tracciamento della maggior parte degli strumenti pubblicitari. Il Titolare, pertanto, consiglia agli Utenti di utilizzare tali risorse in aggiunta alle informazioni fornite dal presente documento.<br>In aggiunta a quanto indicato in questo documento, l\u2019Utente pu\u00f2 gestire le preferenze relative ai Cookie direttamente all\u2019interno del proprio browser ed impedire \u2013 ad esempio \u2013 che terze parti possano installarne. Tramite le preferenze del browser \u00e8 inoltre possibile eliminare i Cookie installati in passato, incluso il Cookie in cui venga eventualmente salvato il consenso all\u2019installazione di Cookie da parte di questo sito.<\/p>\n\n\n\n<h2><strong>Disabilitare i cookie mediante configurazione del browser<\/strong><\/h2>\n\n\n\n<h3><strong>Chrome<\/strong><\/h3>\n\n\n\n<p>1. Eseguire il Browser Chrome<br>2. Fare clic sul pulsante delle impostazioni presente nella barra degli strumenti del browser a fianco della finestra di inserimento url per la navigazione<br>3. Selezionare Impostazioni<br>4. Fare clic su Mostra Impostazioni Avanzate<br>5. Nella sezione \u201cPrivacy\u201d fare clic su bottone \u201cImpostazioni contenuti\u201c<br>6. Nella sezione \u201cCookie\u201d \u00e8 possibile modificare le seguenti impostazioni relative ai cookie:<br>a. Consentire il salvataggio dei dati in locale<br>b. Modificare i dati locali solo fino alla chiusura del browser<br>c. Impedire ai siti di impostare i cookie<br>d. Bloccare i cookie di terze parti e i dati dei siti<br>e. Gestire le eccezioni per alcuni siti internet<br>f. Eliminazione di uno o tutti i cookie<br>Per maggiori informazioni visita la&nbsp;<a href=\"https:\/\/support.google.com\/chrome\/answer\/95647?hl=it&amp;p=cpn_cookies\">pagina dedicata<\/a>.<\/p>\n\n\n\n<h3><strong>Mozilla Firefox<\/strong><\/h3>\n\n\n\n<p>1. Eseguire il Browser Mozilla Firefox<br>2. Fare clic sul pulsante delle impostazioni presente nella barra degli strumenti del browser a fianco della finestra di inserimento url per la navigazione<br>3. Selezionare Opzioni<br>4. Seleziona il pannello Privacy<br>5. Fare clic su Mostra Impostazioni Avanzate<br>6. Nella sezione \u201cPrivacy\u201d fare clic su bottone \u201cImpostazioni contenuti\u201c<br>7. Nella sezione \u201cTracciamento\u201d \u00e8 possibile modificare le seguenti impostazioni relative ai cookie:<br>a. Richiedi ai siti di non effettuare alcun tracciamento<br>b. Comunica ai siti la disponibilit\u00e0 ad essere tracciato<br>c. Non comunicare alcuna preferenza relativa al tracciamento dei dati personali<br>8. Dalla sezione \u201cCronologia\u201d \u00e8 possibile:<br>a. Abilitando \u201cUtilizza impostazioni personalizzate\u201d selezionare di accettare i cookie di terze parti (sempre, dai siti pi\u00f9 visitato o mai) e di conservarli per un periodo determinato (fino alla loro scadenza, alla chiusura di Firefox o di chiedere ogni volta)<br>b.Rimuovere i singoli cookie immagazzinati<br>Per maggiori informazioni visita la&nbsp;<a href=\"https:\/\/support.mozilla.org\/it\/kb\/Attivare%20e%20disattivare%20i%20cookie\">pagina dedicata<\/a>.<\/p>\n\n\n\n<h3><strong>Internet Explorer<\/strong><\/h3>\n\n\n\n<p>1. Eseguire il Browser Internet Explorer<br>2. Fare clic sul pulsante Strumenti e scegliere Opzioni Internet<br>3. Fare clic sulla scheda Privacy e nella sezione Impostazioni modificare il dispositivo di scorrimento in funzione dell\u2019azione desiderata per i cookie:<br>a. Bloccare tutti i cookie<br>b. Consentire tutti i cookie<br>c. Selezione dei siti da cui ottenere cookie: spostare il cursore in una posizione intermedia in modo da non bloccare o consentire tutti i cookie, premere quindi su Siti, nella casella Indirizzo Sito Web inserire un sito internet e quindi premere su Blocca o Consenti<br>Per maggiori informazioni visita la&nbsp;<a href=\"http:\/\/windows.microsoft.com\/it-it\/windows-vista\/block-or-allow-cookies\">pagina dedicata<\/a>.<\/p>\n\n\n\n<h3><strong>Safari 6<\/strong><\/h3>\n\n\n\n<p>1. Eseguire il Browser Safari<br>2. Fare clic su Safari, selezionare Preferenze e premere su Privacy<br>3. Nella sezione Blocca Cookie specificare come Safari deve accettare i cookie dai siti internet.<br>4. Per visionare quali siti hanno immagazzinato i cookie cliccare su Dettagli<br>Per maggiori informazioni visita la&nbsp;<a href=\"https:\/\/support.apple.com\/kb\/PH21411\">pagina dedicata<\/a>.<\/p>\n\n\n\n<h3><strong>Safari iOS (dispositivi mobile)<\/strong><\/h3>\n\n\n\n<p>1. Eseguire il Browser Safari iOS<br>2. Tocca su Impostazioni e poi Safari<br>3. Tocca su Blocca Cookie e scegli tra le varie opzioni: \u201cMai\u201d, \u201cDi terze parti e inserzionisti\u201d o \u201cSempre\u201d<br>4. Per cancellare tutti i cookie immagazzinati da Safari, tocca su Impostazioni, poi su Safari e infine su Cancella Cookie e dati<\/p>\n\n\n\n<h3><strong>Opera<\/strong><\/h3>\n\n\n\n<p>1. Eseguire il Browser Opera<br>2. Fare clic sul Preferenze poi su Avanzate e infine su Cookie<br>3. Selezionare una delle seguenti opzioni:<br>a. Accetta tutti i cookie<br>b. Accetta i cookie solo dal sito che si visita: i cookie di terze parti e che vengono inviati da un dominio diverso da quello che si sta visitando verranno rifiutati<br>c. Non accettare mai i cookie: tutti i cookie non verranno mai salvati<\/p>\n\n\n\n<h2><strong>Definizioni e riferimenti legali<\/strong><\/h2>\n\n\n\n<h3><strong>Dati Personali (o Dati)<\/strong><\/h3>\n\n\n\n<p>Costituisce dato personale qualunque informazione che, direttamente o indirettamente, anche in collegamento con qualsiasi altra informazione, ivi compreso un numero di identificazione personale, renda identificata o identificabile una persona fisica.<\/p>\n\n\n\n<h3><strong>Dati di Utilizzo<\/strong><\/h3>\n\n\n\n<p>Sono le informazioni raccolte automaticamente attraverso questa Applicazione (anche da applicazioni di parti terze integrate in questa Applicazione), tra cui: gli indirizzi IP o i nomi a dominio dei computer utilizzati dall\u2019Utente che si connette con questa Applicazione, gli indirizzi in notazione URI (Uniform Resource Identifier), l\u2019orario della richiesta, il metodo utilizzato nell\u2019inoltrare la richiesta al server, la dimensione del file ottenuto in risposta, il codice numerico indicante lo stato della risposta dal server (buon fine, errore, ecc.) il paese di provenienza, le caratteristiche del browser e del sistema operativo utilizzati dal visitatore, le varie connotazioni temporali della visita (ad esempio il tempo di permanenza su ciascuna pagina) e i dettagli relativi all\u2019itinerario seguito all\u2019interno dell\u2019Applicazione, con particolare riferimento alla sequenza delle pagine consultate, ai parametri relativi al sistema operativo e all\u2019ambiente informatico dell\u2019Utente.<\/p>\n\n\n\n<h3><strong>Utente<\/strong><\/h3>\n\n\n\n<p>L\u2019individuo che utilizza questa Applicazione che, salvo ove diversamente specificato, coincide con l\u2019Interessato.<\/p>\n\n\n\n<h3><strong>Interessato<\/strong><\/h3>\n\n\n\n<p>La persona fisica cui si riferiscono i Dati Personali.<\/p>\n\n\n\n<h3><strong>Responsabile del Trattamento (o Responsabile)<\/strong><\/h3>\n\n\n\n<p>La persona fisica, giuridica, la pubblica amministrazione e qualsiasi altro ente che tratta dati personali per conto del Titolare, secondo quanto esposto nella presente privacy policy.<\/p>\n\n\n\n<h3><strong>Titolare del Trattamento (o Titolare)<\/strong><\/h3>\n\n\n\n<p>La persona fisica o giuridica, l\u2019autorit\u00e0 pubblica, il servizio o altro organismo che, singolarmente o insieme ad altri, determina le finalit\u00e0 e i mezzi del trattamento di dati personali e gli strumenti adottati, ivi comprese le misure di sicurezza relative al funzionamento ed alla fruizione di questa Applicazione. Il Titolare del Trattamento, salvo quanto diversamente specificato, \u00e8 il titolare di questa Applicazione.<\/p>\n\n\n\n<h3><strong>Questa Applicazione<\/strong><\/h3>\n\n\n\n<p>Lo strumento hardware o software mediante il quale sono raccolti e trattati i Dati Personali degli Utenti.<\/p>\n\n\n\n<h3><strong>Servizio<\/strong><\/h3>\n\n\n\n<p>Il Servizio fornito da questa Applicazione cos\u00ec come definito nei relativi termini (se presenti) su questo sito\/applicazione.<\/p>\n\n\n\n<h3><strong>Unione Europea (o UE)<\/strong><\/h3>\n\n\n\n<p>Salvo ove diversamente specificato, ogni riferimento all\u2019Unione Europea contenuto in questo documento si intende esteso a tutti gli attuali stati membri dell\u2019Unione Europea e dello Spazio Economico Europeo.<\/p>\n\n\n\n<h3><strong>Cookie<\/strong><\/h3>\n\n\n\n<p>Piccola porzione di dati conservata all\u2019interno del dispositivo dell\u2019Utente.<\/p>\n\n\n\n<h3><strong>Email<\/strong><\/h3>\n\n\n\n<p>Fornisce accesso all\u2019indirizzo email primario dell\u2019Utente.<\/p>\n\n\n\n<h3><strong>Riferimenti legali<\/strong><\/h3>\n\n\n\n<p>La presente informativa privacy \u00e8 redatta sulla base di molteplici ordinamenti legislativi, inclusi gli artt. 13 e 14 del Regolamento (UE) 2016\/679.<br>Ove non diversamente specificato, questa informativa privacy riguarda esclusivamente questa Applicazione.<\/p>\n","protected":false},"excerpt":{"rendered":"<p>COOKIE POLICY I Cookie sono costituiti da porzioni di codice installate all\u2019interno del browser che assistono il Titolare nell\u2019erogazione del Servizio in base alle finalit\u00e0 descritte. Alcune delle finalit\u00e0 di installazione dei Cookie potrebbero, inoltre, necessitare del consenso dell\u2019Utente.Quando l\u2019installazione [&hellip;]<\/p>\n","protected":false},"author":1,"featured_media":0,"parent":0,"menu_order":0,"comment_status":"closed","ping_status":"open","template":"","meta":[],"_links":{"self":[{"href":"https:\/\/artisticamorinelli.it\/en\/wp-json\/wp\/v2\/pages\/4206"}],"collection":[{"href":"https:\/\/artisticamorinelli.it\/en\/wp-json\/wp\/v2\/pages"}],"about":[{"href":"https:\/\/artisticamorinelli.it\/en\/wp-json\/wp\/v2\/types\/page"}],"author":[{"embeddable":true,"href":"https:\/\/artisticamorinelli.it\/en\/wp-json\/wp\/v2\/users\/1"}],"replies":[{"embeddable":true,"href":"https:\/\/artisticamorinelli.it\/en\/wp-json\/wp\/v2\/comments?post=4206"}],"version-history":[{"count":0,"href":"https:\/\/artisticamorinelli.it\/en\/wp-json\/wp\/v2\/pages\/4206\/revisions"}],"wp:attachment":[{"href":"https:\/\/artisticamorinelli.it\/en\/wp-json\/wp\/v2\/media?parent=4206"}],"curies":[{"name":"wp","href":"https:\/\/api.w.org\/{rel}","templated":true}]}}